{"id":127,"date":"2015-09-15T09:39:04","date_gmt":"2015-09-15T07:39:04","guid":{"rendered":"http:\/\/blog.dhbw-vs.de\/?page_id=127"},"modified":"2024-10-24T12:18:01","modified_gmt":"2024-10-24T10:18:01","slug":"ueber-dualog","status":"publish","type":"page","link":"https:\/\/blog.dhbw-vs.de\/?page_id=127","title":{"rendered":"\u00dcber DuaLog"},"content":{"rendered":"<p>Der Blog &#8218;DuaLog&#8216; richtet sich an die Lehrenden des DHBW Standortes Villingen-Schwenningen mit dem Ziel des Austauschs und der Information \u00fcber digital unterst\u00fctztes Lehren und Lernen in der dualen Ausbildung.<\/p>\n<p>Er bildet einen Teil der Vielfalt an m\u00f6glichen Realisierungen ab, die die Konzepte des e-\/Online-\/Web-Learning oder allgemein: der Unterst\u00fctzung des Lehrens und Lernens mit digitalen und medialen Mitteln er\u00f6ffnen. Er ver\u00f6ffentlicht immer neue Instrumente und Wege f\u00fcr die st\u00e4ndige Weiterentwicklung des Einsatzes digitaler Medien in der Lehre und regt zu neuen Aktivit\u00e4ten an. Der Blog dient als Impulsgeber und als Anlass \u00fcber neue Wege f\u00fcr die Gestaltung von Lehrveranstaltungen nachzudenken, sie auszuprobieren und auch f\u00fcr den Austausch der Lehrenden untereinander.<\/p>\n<p>Mit den Unterteilungen in News, Tools, Szenarien und Materialien deckt er ein gro\u00dfes Spektrum an bereits stattfindenden Aktivit\u00e4ten ab und macht Bew\u00e4hrtes, Experimente und Anwendungen transparent und bekannt.<\/p>\n<p>Der Blog regt an die Initiativen um Open Educational Resources (OER) als M\u00f6glichkeit und Chance zur gemeinsamen Arbeit mit KollegInnen zu begreifen. Ein Austausch \u00fcber frei zug\u00e4ngliche Bildungs- und Lehrmaterialien er\u00f6ffnet allen Teilnehmenden eine Perspektive f\u00fcr die weitere Entwicklung ihrer Lehrveranstaltungen.<\/p>\n<p>Wir m\u00f6chten Sie auffordern, sich mit der Ver\u00f6ffentlichung eigener Artikel oder interessanter Hinweise an dem Blog zu beteiligen. Dazu kontaktieren Sie bitte <a href=\"mailto:bernd.doerr@dhbw.de?subject=Eine%20Kontakt-Mail%20von%20DuaLog%20Blog\" target=\"_blank\" rel=\"noopener\">Hr. B. D\u00f6rr<\/a> (ESC).<\/p>\n\n\n<p><\/p>\n","protected":false},"excerpt":{"rendered":"<p>Der Blog &#8218;DuaLog&#8216; richtet sich an die Lehrenden des DHBW Standortes Villingen-Schwenningen mit dem Ziel des Austauschs und der Information \u00fcber digital unterst\u00fctztes Lehren und Lernen in der dualen Ausbildung. Er bildet einen Teil der Vielfalt an m\u00f6glichen Realisierungen ab, die die Konzepte des e-\/Online-\/Web-Learning oder allgemein: der Unterst\u00fctzung des Lehrens und Lernens mit digitalen <a class=\"more-link\" href=\"https:\/\/blog.dhbw-vs.de\/?page_id=127\">weiterlesen&#8230;<\/a><\/p>\n","protected":false},"author":1,"featured_media":0,"parent":0,"menu_order":0,"comment_status":"closed","ping_status":"closed","template":"","meta":{"ngg_post_thumbnail":0,"footnotes":""},"class_list":["post-127","page","type-page","status-publish","hentry"],"_links":{"self":[{"href":"https:\/\/blog.dhbw-vs.de\/index.php?rest_route=\/wp\/v2\/pages\/127","targetHints":{"allow":["GET"]}}],"collection":[{"href":"https:\/\/blog.dhbw-vs.de\/index.php?rest_route=\/wp\/v2\/pages"}],"about":[{"href":"https:\/\/blog.dhbw-vs.de\/index.php?rest_route=\/wp\/v2\/types\/page"}],"author":[{"embeddable":true,"href":"https:\/\/blog.dhbw-vs.de\/index.php?rest_route=\/wp\/v2\/users\/1"}],"replies":[{"embeddable":true,"href":"https:\/\/blog.dhbw-vs.de\/index.php?rest_route=%2Fwp%2Fv2%2Fcomments&post=127"}],"version-history":[{"count":1,"href":"https:\/\/blog.dhbw-vs.de\/index.php?rest_route=\/wp\/v2\/pages\/127\/revisions"}],"predecessor-version":[{"id":460,"href":"https:\/\/blog.dhbw-vs.de\/index.php?rest_route=\/wp\/v2\/pages\/127\/revisions\/460"}],"wp:attachment":[{"href":"https:\/\/blog.dhbw-vs.de\/index.php?rest_route=%2Fwp%2Fv2%2Fmedia&parent=127"}],"curies":[{"name":"wp","href":"https:\/\/api.w.org\/{rel}","templated":true}]}}