{"id":203,"date":"2015-08-04T15:59:43","date_gmt":"2015-08-04T13:59:43","guid":{"rendered":"http:\/\/blog.dhbw-vs.de\/?page_id=20"},"modified":"2025-10-28T11:47:25","modified_gmt":"2025-10-28T10:47:25","slug":"material","status":"publish","type":"page","link":"https:\/\/blog.dhbw-vs.de\/?page_id=203","title":{"rendered":""},"content":{"rendered":"<table style=\"width: 100%; height: 20%; text-align: center;\" border=\"1\" cellspacing=\"0\" cellpadding=\"0\" align=\"center\">\n<tbody align=\"center\">\n<tr>\n<td align=\"center\"><img loading=\"lazy\" decoding=\"async\" class=\"aligncenter size-full wp-image-16\" src=\"https:\/\/blog.dhbw-vs.de\/wp-content\/uploads\/2024\/10\/material3.jpg\" alt=\"Logo Material\" width=\"100\" height=\"100\" srcset=\"https:\/\/blog.dhbw-vs.de\/wp-content\/uploads\/2024\/10\/material3.jpg 100w, https:\/\/blog.dhbw-vs.de\/wp-content\/uploads\/2024\/10\/material3-40x40.jpg 40w\" sizes=\"auto, (max-width: 100px) 100vw, 100px\" \/><br>Unterlagen, Dateien, rechtliche Aspekte, Anleitungen zum Anschauen und Herunterladen.<\/td>\n<\/tr>\n<\/tbody>\n<\/table>\n<ul class=\"lcp_catlist\" id=\"lcp_instance_0\"><li><a href=\"https:\/\/blog.dhbw-vs.de\/?p=347\">Hilfreiches zu moodle<\/a> (0)<div class=\"lcp_excerpt\">Zur Illustration der M\u00f6glichkeiten von moodle gibt es zahlreiche Videos, auf die wir hier verlinken m\u00f6chten. Sicher sind zu jedem Thema bei moodle noch viele weitere Videos zu finden, besonders gute Videos k\u00f6nnen Sie gerne in den Kommentaren angeben.\nAllgemein Einf\u00fchrung zu moodle (Struktur, Kurse, Navigation etc.)\nMeine ersten Schritte im Moodle-Kurs(raum)\nMoodle Basisfunktionen\nArbeitsmaterialien und Aktivit\u00e4ten\n\u00dcberblick der Arbeitsmaterialien ...<\/div><a href=\"https:\/\/blog.dhbw-vs.de\/?p=347\">weiterlesen<\/a><\/li><li><a href=\"https:\/\/blog.dhbw-vs.de\/?p=165\">Claudia Bremer: e-Learning Szenarien \u2013 netzbasiertes Lehren und Lernen \u2013 Lernende aktivieren<\/a> (0)<div class=\"lcp_excerpt\">Im Rahmen des IQF-Projektes &#8222;Kooperative Struktur zur Qualifizierung von Lehrenden f\u00fcr Blended Learning&#8220; von 2012 war ein moodle Kurs geschaffen worden, um viele Aspekte des Blended Learning ansprechen zu k\u00f6nnen. Dabei wurden Materialien von Workshops verlinkt, die wertvolle Hinweise f\u00fcr die Gestaltung eigener Angebote geben k\u00f6nnen.\nAus dem Workshop von Frau C. Bremer finden Sie hier ...<\/div><a href=\"https:\/\/blog.dhbw-vs.de\/?p=165\">weiterlesen<\/a><\/li><li><a href=\"https:\/\/blog.dhbw-vs.de\/?p=103\">Forschung, Open Access und das Urheberrecht<\/a> (0)<div class=\"lcp_excerpt\">\nDie Informationsplattform iRights.info mit dem Schwerpunkt Urheberrecht und weitere Rechtsgebiete hat eine neue Handreichung ver\u00f6ffentlicht, die sich mit der Frage der Auswertung von Forschungsdaten besch\u00e4ftigt. Interessant sind nachfolgende eigene Ver\u00f6ffentlichungen unter freien Lizenzen oder Open Access. Die dabei entstehenden juristischen Fragen und Publikationsm\u00f6glichkeiten werden auf der Basis der Ergebnisse eines Workshops im Rahmen des Forschungsverbundes ...<\/div><a href=\"https:\/\/blog.dhbw-vs.de\/?p=103\">weiterlesen<\/a><\/li><\/ul>\n\n\n<p><\/p>\n","protected":false},"excerpt":{"rendered":"<p>Unterlagen, Dateien, rechtliche Aspekte, Anleitungen zum Anschauen und Herunterladen.<\/p>\n","protected":false},"author":1,"featured_media":0,"parent":0,"menu_order":0,"comment_status":"open","ping_status":"open","template":"","meta":{"ngg_post_thumbnail":0,"footnotes":""},"class_list":["post-203","page","type-page","status-publish","hentry"],"_links":{"self":[{"href":"https:\/\/blog.dhbw-vs.de\/index.php?rest_route=\/wp\/v2\/pages\/203","targetHints":{"allow":["GET"]}}],"collection":[{"href":"https:\/\/blog.dhbw-vs.de\/index.php?rest_route=\/wp\/v2\/pages"}],"about":[{"href":"https:\/\/blog.dhbw-vs.de\/index.php?rest_route=\/wp\/v2\/types\/page"}],"author":[{"embeddable":true,"href":"https:\/\/blog.dhbw-vs.de\/index.php?rest_route=\/wp\/v2\/users\/1"}],"replies":[{"embeddable":true,"href":"https:\/\/blog.dhbw-vs.de\/index.php?rest_route=%2Fwp%2Fv2%2Fcomments&post=203"}],"version-history":[{"count":5,"href":"https:\/\/blog.dhbw-vs.de\/index.php?rest_route=\/wp\/v2\/pages\/203\/revisions"}],"predecessor-version":[{"id":566,"href":"https:\/\/blog.dhbw-vs.de\/index.php?rest_route=\/wp\/v2\/pages\/203\/revisions\/566"}],"wp:attachment":[{"href":"https:\/\/blog.dhbw-vs.de\/index.php?rest_route=%2Fwp%2Fv2%2Fmedia&parent=203"}],"curies":[{"name":"wp","href":"https:\/\/api.w.org\/{rel}","templated":true}]}}