{"id":206,"date":"2015-08-04T16:02:25","date_gmt":"2015-08-04T14:02:25","guid":{"rendered":"http:\/\/blog.dhbw-vs.de\/?page_id=26"},"modified":"2025-10-28T11:49:02","modified_gmt":"2025-10-28T10:49:02","slug":"news","status":"publish","type":"page","link":"https:\/\/blog.dhbw-vs.de\/?page_id=206","title":{"rendered":""},"content":{"rendered":"<table style=\"width: 100%; height: 20%; text-align: center;\" border=\"1\" cellspacing=\"0\" cellpadding=\"0\" align=\"center\">\n<tbody align=\"center\">\n<tr>\n<td align=\"center\"><img loading=\"lazy\" decoding=\"async\" class=\"aligncenter size-full wp-image-17\" src=\"https:\/\/blog.dhbw-vs.de\/wp-content\/uploads\/2024\/10\/news3.jpg\" alt=\"Logo News\" width=\"100\" height=\"100\" srcset=\"https:\/\/blog.dhbw-vs.de\/wp-content\/uploads\/2024\/10\/news3.jpg 100w, https:\/\/blog.dhbw-vs.de\/wp-content\/uploads\/2024\/10\/news3-40x40.jpg 40w\" sizes=\"auto, (max-width: 100px) 100vw, 100px\" \/><br \/>\nNeues &amp; Interessantes aus der Hochschule und au\u00dferhalb zu den Themen e-Learning, Videos, Podcasts, Anwendungen in der Lehre u.v.m.<\/td>\n<\/tr>\n<\/tbody>\n<\/table>\n<ul class=\"lcp_catlist\" id=\"lcp_instance_0\"><li><a href=\"https:\/\/blog.dhbw-vs.de\/?p=625\">Online Rechtsschulungen des OER Kompetenzzentrums DHBW Mosbach<\/a> (0)<div class=\"lcp_excerpt\">\nGerne leite ich die Einladungen zu den folgenden online Schulungen weiter: \n\n\nwir, das Kompetenzzentrum OER, laden Sie herzlich zu einer kompakten Online-Rechtsreihe zu Urheberrecht und KI in der Lehre ein. Alle Termine finden via BigBlueButton statt.\n\n\nNeu: F\u00fcr alle Schulungen dieser Rechtsreihe werden erstmals Open Educational Badges vergeben, die Ihre Teilnahme dokumentieren und unter Anderem in ...<\/div><a href=\"https:\/\/blog.dhbw-vs.de\/?p=625\">weiterlesen<\/a><\/li><li><a href=\"https:\/\/blog.dhbw-vs.de\/?p=613\">Online-Umfragen mit LimeSurvey erstellen<\/a> (0)<div class=\"lcp_excerpt\">\nWollen Sie selbst oder Ihre Studierenden quantitativ forschen und Online-Befragungen durchf\u00fchren? Dann k\u00f6nnte die Plattform\u00a0https:\/\/umfragen.dhbw-vs.de, eine LimeSurvey-Installation an der DHBW VS, interessant f\u00fcr Sie sein. Sie erstellen damit Online-Befragungen f\u00fcr Projekte in Studium und Forschung. Einladungen sind per E-Mail Link oder auch durch individualisierte Mails m\u00f6glich. Teilnehmende f\u00fcllen ein Online-Formular mit Ihren Fragen aus. Anschlie\u00dfend ...<\/div><a href=\"https:\/\/blog.dhbw-vs.de\/?p=613\">weiterlesen<\/a><\/li><li><a href=\"https:\/\/blog.dhbw-vs.de\/?p=382\">Cloud Ordner mit Anleitungen<\/a> (0)<div class=\"lcp_excerpt\">In einem Ordner der DHBW-VS Cloud haben wir Anleitungen, Tutorials, Empfehlungen etc. gesammelt zu den verschiedenen&nbsp;Videokonferenzsystemen, digitalen Lehrszenarien u.v.m.; enthalten sind Ordner zu:\n\nAdobe Connect\nAlfaView\nAufzeichnen einer Bildschirmpr\u00e4sentation mit Powerpoint\nDFNconf\nDigitale Lehrszenarien\nInstallation \u00fcber LiberKey (nicht f\u00fcr Lehrbeauftragte)\nJitsiMeet\nTeamViewer\nVideodateien vom Mediaserver f\u00fcr Studierende bereitstellen\nZoom\n\nDer Link ist in- und au\u00dferhalb des Campus\/VPN nutzbar.\n<\/div><a href=\"https:\/\/blog.dhbw-vs.de\/?p=382\">weiterlesen<\/a><\/li><li><a href=\"https:\/\/blog.dhbw-vs.de\/?p=373\">Online Klausuren: Informationen in neuen moodle Kursen<\/a> (0)<div class=\"lcp_excerpt\">Das ESC hat neue moodle Kurse mit Informationen zu den Online Klausuren erstellt:\n\n!Info Online-Klausur (Informationen f\u00fcr Dozierende und Sekretariate)\n!Informationen zu Online-Klausuren f\u00fcr Studierende\n\nNeu sind u.a. ein Deckblatt mit Eingabefunktion der Matrikelnummer und die \u00fcberarbeitete Anleitung zur Erstellung einer Klausur als \u0084Moodle-Aufgabe\u0093.\nIm zweitgenannten Kurs ist eine Anleitung f\u00fcr Studierende zur Bearbeitung von Online Klausuren hinterlegt.\n<\/div><a href=\"https:\/\/blog.dhbw-vs.de\/?p=373\">weiterlesen<\/a><\/li><li><a href=\"https:\/\/blog.dhbw-vs.de\/?p=349\">Etherpads nutzen<\/a> (0)<div class=\"lcp_excerpt\">Etherpads sind praktische online Textseiten, die beschrieben werden d\u00fcrfen, wer die Web-Adresse der Seite hat. Sie legen ein Etherpad an, geben die Adresse der Seite weiter und mehrere Teilnehmende k\u00f6nnen gleichzeitig und in Echtzeit darauf schreiben. Dort ist nur Text und Links setzen m\u00f6glich, es k\u00f6nnen keine Bilder oder Filme eingesetzt werden. Daf\u00fcr eignet sich ...<\/div><a href=\"https:\/\/blog.dhbw-vs.de\/?p=349\">weiterlesen<\/a><\/li><li><a href=\"https:\/\/blog.dhbw-vs.de\/?p=347\">Hilfreiches zu moodle<\/a> (0)<div class=\"lcp_excerpt\">Zur Illustration der M\u00f6glichkeiten von moodle gibt es zahlreiche Videos, auf die wir hier verlinken m\u00f6chten. Sicher sind zu jedem Thema bei moodle noch viele weitere Videos zu finden, besonders gute Videos k\u00f6nnen Sie gerne in den Kommentaren angeben.\nAllgemein Einf\u00fchrung zu moodle (Struktur, Kurse, Navigation etc.)\nMeine ersten Schritte im Moodle-Kurs(raum)\nMoodle Basisfunktionen\nArbeitsmaterialien und Aktivit\u00e4ten\n\u00dcberblick der Arbeitsmaterialien ...<\/div><a href=\"https:\/\/blog.dhbw-vs.de\/?p=347\">weiterlesen<\/a><\/li><li><a href=\"https:\/\/blog.dhbw-vs.de\/?p=280\">Didaktische Handreichung der DHBW Karlsruhe<\/a> (0)<div class=\"lcp_excerpt\">Die KollegInnen der DHBW Karlsruhe sind teilweise schon l\u00e4nger mit der online Lehre besch\u00e4ftigt und haben f\u00fcr die online Lehre allgemein und f\u00fcr AlfaView speziell als Videokonferenzsystem didaktische Hinweise geb\u00fcndelt in einem Dokument ver\u00f6ffentlicht, das wir Ihnen im bekannten Cloud Ordner sowohl unter &#8218;AlfaView&#8216; als auch unter &#8218;Digitale Lehrszenarien&#8216; zur Verf\u00fcgung stellen m\u00f6chten.\n\n\n<\/div><a href=\"https:\/\/blog.dhbw-vs.de\/?p=280\">weiterlesen<\/a><\/li><\/ul>\n","protected":false},"excerpt":{"rendered":"<p>Neues &amp; Interessantes aus der Hochschule und au\u00dferhalb zu den Themen e-Learning, Videos, Podcasts, Anwendungen in der Lehre u.v.m.<\/p>\n","protected":false},"author":1,"featured_media":0,"parent":0,"menu_order":0,"comment_status":"open","ping_status":"open","template":"","meta":{"ngg_post_thumbnail":0,"footnotes":""},"class_list":["post-206","page","type-page","status-publish","hentry"],"_links":{"self":[{"href":"https:\/\/blog.dhbw-vs.de\/index.php?rest_route=\/wp\/v2\/pages\/206","targetHints":{"allow":["GET"]}}],"collection":[{"href":"https:\/\/blog.dhbw-vs.de\/index.php?rest_route=\/wp\/v2\/pages"}],"about":[{"href":"https:\/\/blog.dhbw-vs.de\/index.php?rest_route=\/wp\/v2\/types\/page"}],"author":[{"embeddable":true,"href":"https:\/\/blog.dhbw-vs.de\/index.php?rest_route=\/wp\/v2\/users\/1"}],"replies":[{"embeddable":true,"href":"https:\/\/blog.dhbw-vs.de\/index.php?rest_route=%2Fwp%2Fv2%2Fcomments&post=206"}],"version-history":[{"count":3,"href":"https:\/\/blog.dhbw-vs.de\/index.php?rest_route=\/wp\/v2\/pages\/206\/revisions"}],"predecessor-version":[{"id":569,"href":"https:\/\/blog.dhbw-vs.de\/index.php?rest_route=\/wp\/v2\/pages\/206\/revisions\/569"}],"wp:attachment":[{"href":"https:\/\/blog.dhbw-vs.de\/index.php?rest_route=%2Fwp%2Fv2%2Fmedia&parent=206"}],"curies":[{"name":"wp","href":"https:\/\/api.w.org\/{rel}","templated":true}]}}